{"id":39347,"date":"2016-02-17T13:56:38","date_gmt":"2016-02-17T13:56:38","guid":{"rendered":"http:\/\/pwmhosting.ca\/paylan\/fr\/?page_id=39347"},"modified":"2023-05-01T19:37:28","modified_gmt":"2023-05-01T19:37:28","slug":"medical-info","status":"publish","type":"page","link":"https:\/\/www.pharmapaylan.com\/fr\/medical-info\/","title":{"rendered":"Infos m\u00e9dicale"},"content":{"rendered":"<p><span style=\"font-weight: 400;\"><strong>Les dermatologues, les m\u00e9decins, les professionnels de soins de sant\u00e9 et les patients rencontrent de nombreux problemes qui peuvent etre aides avec les medicaments personnalises\u00a0:<\/strong><\/span><\/p>\n<ul>\n<li style=\"font-weight: 400;\"><span style=\"font-weight: 400;\">L\u2019acn\u00e9<\/span><\/li>\n<li style=\"font-weight: 400;\"><span style=\"font-weight: 400;\">La psoriasis<\/span><\/li>\n<li style=\"font-weight: 400;\"><span style=\"font-weight: 400;\">L\u2019ecz\u00e9ma<\/span><\/li>\n<li style=\"font-weight: 400;\"><span style=\"font-weight: 400;\">La rosac\u00e9e<\/span><\/li>\n<li style=\"font-weight: 400;\"><span style=\"font-weight: 400;\">Le coup de soleil<\/span><\/li>\n<li style=\"font-weight: 400;\"><span style=\"font-weight: 400;\">La perte de cheveux<\/span><\/li>\n<li style=\"font-weight: 400;\"><span style=\"font-weight: 400;\">Les boutons (bulles) de fi\u00e8vre<\/span><\/li>\n<li style=\"font-weight: 400;\"><span style=\"font-weight: 400;\">Les verrues plantaires<\/span><\/li>\n<li style=\"font-weight: 400;\"><span style=\"font-weight: 400;\">Les verrues et molluscum<\/span><\/li>\n<li style=\"font-weight: 400;\"><span style=\"font-weight: 400;\">Les infections fongiques et virales<\/span><\/li>\n<li style=\"font-weight: 400;\"><span style=\"font-weight: 400;\">Les rides et la peau \u00e2g\u00e9e par le soleil<\/span><\/li>\n<li style=\"font-weight: 400;\"><span style=\"font-weight: 400;\">Les anomalies de plantes (l\u2019herbe a puces)<\/span><\/li>\n<li style=\"font-weight: 400;\"><span style=\"font-weight: 400;\">Les ongles traumatises ou malades<\/span><\/li>\n<li style=\"font-weight: 400;\"><span style=\"font-weight: 400;\">Les poux de t\u00e8te et la gale<\/span><\/li>\n<li style=\"font-weight: 400;\"><span style=\"font-weight: 400;\">La cicatrisation et les ch\u00e9lo\u00efdes<\/span><\/li>\n<\/ul>\n<p><span style=\"font-weight: 400;\">Quand vous avez un probl\u00e8me qui est difficile a traiter, ou si vous vous pr\u00e9occupez des effets secondaires de m\u00e9dicaments, appelez notre pharmacien professionnel pr\u00e9parateur. Nous pouvons cr\u00e9er des formulations personnalis\u00e9es qui contiennent les m\u00e9dicaments n\u00e9cessaires dans le v\u00e9hicule le plus correspondant pour livrer efficacement le m\u00e9dicament au domaine affect\u00e9.<\/span><\/p>\n<p><span style=\"font-weight: 400;\">Le v\u00e9hicule des m\u00e9dicaments est aussi important que les ingr\u00e9dients actifs. Les r\u00e9sultats atteints d\u00e9pendent non seulement sur le m\u00e9dicament, mais aussi sur la base, l\u2019usage d\u2019intensificateurs p\u00e9n\u00e9trants, et la technique de pr\u00e9paration. Notre pharmacie de mises en forme magistrales utilise les \u00e9quipements ultramodernes pour fournir une formulation contenant les particules qui sont assez fines pour etre absorb\u00e9es, dans un choix de bases qui faciliteront le transport dans ou a travers la peau.<\/span><\/p>\n<p><strong><br \/>\nAnesth\u00e9tiques Topiques<\/strong><\/p>\n<p><span style=\"font-weight: 400;\">La prolif\u00e9ration rapide de proc\u00e9dures cosm\u00e9tiques et au laser a rendu l\u2019analg\u00e9sie suffisante n\u00e9cessaire pour le confort des patients et le niveau tol\u00e9rable des milieux de traitement optimaux n\u00e9cessaires pour les meilleurs r\u00e9sultats. Le gel anesth\u00e9sique topique id\u00e9al aurait un d\u00e9but rapide d\u2019activit\u00e9 et un haut profil de suret\u00e9.\u00a0<\/span><\/p>\n<p><strong>Th\u00e9rapies pour probl\u00e8mes r\u00e9sistants<\/strong><\/p>\n<ul>\n<li style=\"font-weight: 400;\"><span style=\"font-weight: 400;\">Nous pouvons pr\u00e9parer des formulations personnalises qui contiennent de nombreux m\u00e9dicaments pour fournir un effet synergiste pour le traitement d\u2019acn\u00e9 r\u00e9sistante.<\/span><\/li>\n<li style=\"font-weight: 400;\"><span style=\"font-weight: 400;\">Des th\u00e9rapies sp\u00e9cifiques sont disponibles pour les verrues virales r\u00e9calcitrants, ainsi que pour la psoriasis.<\/span><\/li>\n<li style=\"font-weight: 400;\"><span style=\"font-weight: 400;\">L\u2019immunoth\u00e9rapie peut \u00eatre compos\u00e9e pour traiter l\u2019alop\u00e9cie.<\/span><\/li>\n<li style=\"font-weight: 400;\"><span style=\"font-weight: 400;\">Les patients avec vitiligo ont des niveaux de catalase bas dans leur \u00e9piderme en association avec des niveaux sup\u00e9rieurs de peroxyde d\u2019hydrog\u00e8ne.\u00a0<\/span><\/li>\n<\/ul>\n<p><strong>Soin de la peau et de blessures<\/strong><\/p>\n<p><span style=\"font-weight: 400;\">La peau s\u00e8che et la callosit\u00e9s peuvent \u00eatre traites avec l\u2019application topique d\u2019hydratants tel que la silicone ou l\u2019ur\u00e9e. Nous utilisons de l\u2019\u00e9quipement sp\u00e9cialis\u00e9, tel qu\u2019un moulin de baume, ce qui nous permet de pr\u00e9parer des formulations qui contiennent des concentrations d\u2019ingr\u00e9dients actifs beaucoup plus hautes que ceux qui peuvent \u00eatre pr\u00e9par\u00e9es utilisant des m\u00e9thodes traditionnelles.<\/span><\/p>\n<p><span style=\"font-weight: 400;\">Les m\u00e9dicaments qui am\u00e9liorent le flue sanguin capillaire peuvent \u00eatre ajout\u00e9s a un m\u00e9dicament magistrale pr\u00e9par\u00e9e pour am\u00e9liorer la circulation aux marges des blessures et promeuvent la gu\u00e9rison du domine endommag\u00e9, et les anesth\u00e9tiques topiques peuvent \u00eatre ajout\u00e9s pour soulager la douleur.<\/span><\/p>\n<p><strong>Filtres Solaires<\/strong><\/p>\n<p><span style=\"font-weight: 400;\">Un filtre solaire ou un \u00e9cran de soleil tel que l\u2019oxyde de zinc micronis\u00e9e peut \u00eatre ajout\u00e9 aux formulations topiques pour diminuer le potentiel pour les r\u00e9actions de photosensibilit\u00e9. Ceci est particuli\u00e8rement qui peuvent causer la photosensibilit\u00e9.<\/span><\/p>\n<p><strong>Cr\u00e8me Protectrices<\/strong><\/p>\n<p><span style=\"font-weight: 400;\">Les cr\u00e8mes protectrices peuvent \u00eatre formul\u00e9e pour minimiser le d\u00e9veloppement de la dermatite de contact, comme parties d\u2019un protocole de soin de la peau d\u2019incontinence, ou pour traiter un fort \u00e9ryth\u00e8me fessier.<\/span><\/p>\n<p><strong>Biocosm\u00e9ceutiques<\/strong><\/p>\n<p><span style=\"font-weight: 400;\">Apr\u00e8s qu\u2019une analyse propre r\u00e9v\u00e8le des domaines de peau s\u00e8che, huileuse ou vieillissante, nous pouvons fournir la correction correspondante pour chaque type de peau dans une base cosm\u00e9tique qui peut contenir les exfoliants, les \u00e9mollients, et les micronutriments n\u00e9cessaires pour la r\u00e9paration cellulaire.\u00a0<\/span><\/p>\n<p><strong>Pr\u00e9parations Cosm\u00e9tiquement Plaisantes<\/strong><\/p>\n<p><span style=\"font-weight: 400;\">Les pharmaciens pr\u00e9parateurs continuent \u00e0 d\u00e9velopper de nouvelles bases pour am\u00e9liorer les aspects esth\u00e9tiques et th\u00e9rapeutiques de mises en forme pharmaceutiques. Par exemple, les gels anhydres r\u00e9cemment formules livrent des m\u00e9dicaments qui facilitent l\u2019absorption rapide de l\u2019ingr\u00e9dient actif dans la peau et la r\u00e9tention prolong\u00e9e du m\u00e9dicament dans la couche corn\u00e9e et l\u2019\u00e9piderme, avec un transport syst\u00e9mique minimal du m\u00e9dicament actif. Ces gels cosm\u00e9tiquement plaisants sont tr\u00e8s stables et bien acceptes par les patients.<\/span><\/p>\n<p><span style=\"font-weight: 400;\">Nous travaillons ensemble avec les m\u00e9decins prescripteurs et leurs patients pour fournir des solutions innovatrices \u00e0 d\u00e9fier les probl\u00e8mes m\u00e9dicaux. S\u2019il vous plait contacter notre pharmacien pr\u00e9parateur pour plus de renseignements ou pour discuter d\u2019autres th\u00e9rapies de r\u00e9solution de probl\u00e8mes.<\/span><\/p>\n<p><strong>Les M\u00e9dicaments Offrent des Alternatifs et des Avantages pour la Dermatologie<\/strong><\/p>\n<ul>\n<li style=\"font-weight: 400;\"><span style=\"font-weight: 400;\">Changer la forme de dosage\u00a0: Si un patient est incapable de prendre des m\u00e9dicaments commercialement disponible, ou n\u2019a pas r\u00e9pondu au m\u00e9dicament ou en a \u00e9prouv\u00e9 des effets contraires, de nombreuses options existent. Nous pouvons pr\u00e9par\u00e9 les m\u00e9dicaments n\u00e9cessaires dans diff\u00e9rentes formes de dosage, tells que les cr\u00e8mes cosm\u00e9tiques, les baumes, les gels transdermiques, la vaporisateurs et poudres topiques, les troches, les pastilles, les sucettes ou les b\u00e2tons glaces.<\/span><\/li>\n<li style=\"font-weight: 400;\"><span style=\"font-weight: 400;\">Changer la route d\u2019administration\u00a0: un m\u00e9dicament peut \u00eatre disponible commercialement seulement comme produit oral ou injectable, mais nous pouvons fournis des options th\u00e9rapeutiques suppl\u00e9mentaires en pr\u00e9parant une forme de dosage alternative qui peut \u00eatre administr\u00e9e par une route diff\u00e9rente. Par exemple, les m\u00e9dicaments sont ordinairement administres syst\u00e9miquement en utilisant un gel transdermique, mais de plus petites quantit\u00e9s d\u2019ingr\u00e9dients actifs peuvent \u00eatre administr\u00e9es, vu que le m\u00e9dicament n\u2019est pas sous r\u00e9serve de passer en premier par le m\u00e9tabolisme h\u00e9patique.<\/span><\/li>\n<li style=\"font-weight: 400;\"><span style=\"font-weight: 400;\">Les pr\u00e9parations de combinaison\u00a0: Nous pouvons combiner des m\u00e9dicaments compatibles dans une seule forme de dosage pour simplifier un plan d\u2019administration de m\u00e9dicaments, et pour am\u00e9liorer la conformit\u00e9. Aussi, un effet synergiste peut \u00eatre atteint quand certains m\u00e9dicaments sont utilises en combinaison.<\/span><\/li>\n<li style=\"font-weight: 400;\"><span style=\"font-weight: 400;\">Les m\u00e9dicaments indisponibles\u00a0: Quand un m\u00e9dicament est temporairement indisponible ou a \u00e9t\u00e9 interrompu par le fabricant, nous pouvons obtenir d\u2019habitude le m\u00e9dicament n\u00e9cessaire sous forme de poudre vrac et pr\u00e9parer un produit similaire.<\/span><\/li>\n<li style=\"font-weight: 400;\"><span style=\"font-weight: 400;\">L\u2019examination d\u2019excipients qui causent des probl\u00e8mes\u00a0: les m\u00e9dicaments peuvent \u00eatre formules pour \u00e9liminer des teintures, le sucre, le lactose, l\u2019alcool et des pr\u00e9servatifs, inutilis\u00e9s.<\/span><\/li>\n<li style=\"font-weight: 400;\"><span style=\"font-weight: 400;\">L\u2019addition d\u2019intensificateurs p\u00e9n\u00e9trants\u00a0: des produits chimiques approuves peuvent am\u00e9liorer l\u2019absorption de m\u00e9dicaments appliques topiquement.<\/span><\/li>\n<li style=\"font-weight: 400;\"><span style=\"font-weight: 400;\">La modification de dosage\u00a0: nous pouvons pr\u00e9parer un m\u00e9dicament qui contient la teneur de m\u00e9dicament la plus correspondante pour fournir le profit n\u00e9cessaire mais aussi pour minimiser le risque d\u2019effets contraires. Ceci peut \u00eatre particuli\u00e8rement important pour un patient atteint de l\u2019insuffisance r\u00e9nale ou l\u2019h\u00e9patopathie, ou quand le m\u00e9dicament n\u00e9cessaire a un index th\u00e9patopathie, ou quand le m\u00e9dicament n\u00e9cessaire a un index th\u00e9rapeutique \u00e9troit.<\/span><\/li>\n<li style=\"font-weight: 400;\"><span style=\"font-weight: 400;\">Les formulations sp\u00e9cifiques au prescripteurs\u00a0: souvent, les m\u00e9decins d\u00e9veloppent des formulations uniques qui r\u00e9pondent au besoins sp\u00e9cifiques de leur population de patients, ou acqui\u00e8rent des formules test\u00e9es et av\u00e8res pendant leur formation m\u00e9dicale. Nous pr\u00e9parons r\u00e9guli\u00e8rement ces m\u00e9dicaments personnalis\u00e9s.<\/span><\/li>\n<\/ul>\n","protected":false},"excerpt":{"rendered":"<p>Les dermatologues, les m\u00e9decins, les professionnels de soins de sant\u00e9 et les patients rencontrent de nombreux problemes qui peuvent etre aides avec les medicaments personnalises\u00a0: L\u2019acn\u00e9 La psoriasis L\u2019ecz\u00e9ma La rosac\u00e9e Le coup de soleil La perte de cheveux Les boutons (bulles) de fi\u00e8vre Les verrues plantaires Les verrues et molluscum Les infections fongiques et virales Les rides et la peau \u00e2g\u00e9e par le soleil Les anomalies de plantes (l\u2019herbe a puces) Les ongles traumatises ou malades Les poux de t\u00e8te et la gale La cicatrisation et les ch\u00e9lo\u00efdes Quand [&hellip;]<\/p>\n","protected":false},"author":1,"featured_media":39305,"parent":0,"menu_order":0,"comment_status":"closed","ping_status":"closed","template":"","meta":{"footnotes":""},"aioseo_notices":[],"_links":{"self":[{"href":"https:\/\/www.pharmapaylan.com\/fr\/wp-json\/wp\/v2\/pages\/39347"}],"collection":[{"href":"https:\/\/www.pharmapaylan.com\/fr\/wp-json\/wp\/v2\/pages"}],"about":[{"href":"https:\/\/www.pharmapaylan.com\/fr\/wp-json\/wp\/v2\/types\/page"}],"author":[{"embeddable":true,"href":"https:\/\/www.pharmapaylan.com\/fr\/wp-json\/wp\/v2\/users\/1"}],"replies":[{"embeddable":true,"href":"https:\/\/www.pharmapaylan.com\/fr\/wp-json\/wp\/v2\/comments?post=39347"}],"version-history":[{"count":5,"href":"https:\/\/www.pharmapaylan.com\/fr\/wp-json\/wp\/v2\/pages\/39347\/revisions"}],"predecessor-version":[{"id":40654,"href":"https:\/\/www.pharmapaylan.com\/fr\/wp-json\/wp\/v2\/pages\/39347\/revisions\/40654"}],"wp:featuredmedia":[{"embeddable":true,"href":"https:\/\/www.pharmapaylan.com\/fr\/wp-json\/wp\/v2\/media\/39305"}],"wp:attachment":[{"href":"https:\/\/www.pharmapaylan.com\/fr\/wp-json\/wp\/v2\/media?parent=39347"}],"curies":[{"name":"wp","href":"https:\/\/api.w.org\/{rel}","templated":true}]}}