{"id":39340,"date":"2016-02-17T13:56:08","date_gmt":"2016-02-17T13:56:08","guid":{"rendered":"http:\/\/pwmhosting.ca\/paylan\/fr\/?page_id=39340"},"modified":"2026-03-25T20:52:11","modified_gmt":"2026-03-25T20:52:11","slug":"contact-us","status":"publish","type":"page","link":"https:\/\/www.pharmapaylan.com\/fr\/contact-us\/","title":{"rendered":"Contactez-Nous"},"content":{"rendered":"<h3>Adresse<\/h3>\n<p>8967 Boul. Lajeunesse<br \/>\nMontreal Quebec H2M 1S1<\/p>\n<p>T\u00e9l: (514) 382-5921<br \/>\nFax: -1-866-280-9363<\/p>\n<p>Sans frais: 1 (877) 282-5921<br \/>\nEmail:\u00a0<a href=\"mailto:contact@pharmapaylan.com\">contact@pharmapaylan.com<\/a><\/p>\n<h3>Heures d&rsquo;ouverture<\/h3>\n<p><strong>Pharmacie Paylan<\/strong><br \/>\n8967 boul. Lajeunesse<br \/>\nHeures d\u2019ouverture :<\/p>\n<ul>\n<li>Lundi au vendredi : 9h \u00e0 13h<\/li>\n<\/ul>\n<p><strong>Pharmacie Morin<\/strong><br \/>\n5955 rue Sherbrooke Est, Montr\u00e9al, H1N 1B7<br \/>\nHeures d\u2019ouverture :<\/p>\n<ul>\n<li>Lundi au vendredi : 9h \u00e0 20h<\/li>\n<\/ul>\n<h3>Carri\u00e8res<\/h3>\n<p><a href=\"mailto:contact@pharmapaylan.com\"> S&rsquo;il vous pla\u00eet envoyer votre CV \u00e0\u00a0<strong>c<\/strong><\/a><a href=\"mailto:contact@pharmapaylan.com\">ontact@pharmapaylan.com<\/a><\/p>\n<h3><\/h3>\n<p>&nbsp;<\/p>\n<div id=\"social-icons\"><\/div>\n","protected":false},"excerpt":{"rendered":"<p>Adresse 8967 Boul. Lajeunesse Montreal Quebec H2M 1S1 T\u00e9l: (514) 382-5921 Fax: -1-866-280-9363 Sans frais: 1 (877) 282-5921 Email:\u00a0contact@pharmapaylan.com Heures d&rsquo;ouverture Pharmacie Paylan 8967 boul. Lajeunesse Heures d\u2019ouverture : Lundi au vendredi : 9h \u00e0 13h Pharmacie Morin 5955 rue Sherbrooke Est, Montr\u00e9al, H1N 1B7 Heures d\u2019ouverture : Lundi au vendredi : 9h \u00e0 20h Carri\u00e8res S&rsquo;il vous pla\u00eet envoyer votre CV \u00e0\u00a0contact@pharmapaylan.com &nbsp;<\/p>\n","protected":false},"author":1,"featured_media":39300,"parent":0,"menu_order":0,"comment_status":"closed","ping_status":"closed","template":"page-contact.php","meta":{"footnotes":""},"aioseo_notices":[],"_links":{"self":[{"href":"https:\/\/www.pharmapaylan.com\/fr\/wp-json\/wp\/v2\/pages\/39340"}],"collection":[{"href":"https:\/\/www.pharmapaylan.com\/fr\/wp-json\/wp\/v2\/pages"}],"about":[{"href":"https:\/\/www.pharmapaylan.com\/fr\/wp-json\/wp\/v2\/types\/page"}],"author":[{"embeddable":true,"href":"https:\/\/www.pharmapaylan.com\/fr\/wp-json\/wp\/v2\/users\/1"}],"replies":[{"embeddable":true,"href":"https:\/\/www.pharmapaylan.com\/fr\/wp-json\/wp\/v2\/comments?post=39340"}],"version-history":[{"count":11,"href":"https:\/\/www.pharmapaylan.com\/fr\/wp-json\/wp\/v2\/pages\/39340\/revisions"}],"predecessor-version":[{"id":41018,"href":"https:\/\/www.pharmapaylan.com\/fr\/wp-json\/wp\/v2\/pages\/39340\/revisions\/41018"}],"wp:featuredmedia":[{"embeddable":true,"href":"https:\/\/www.pharmapaylan.com\/fr\/wp-json\/wp\/v2\/media\/39300"}],"wp:attachment":[{"href":"https:\/\/www.pharmapaylan.com\/fr\/wp-json\/wp\/v2\/media?parent=39340"}],"curies":[{"name":"wp","href":"https:\/\/api.w.org\/{rel}","templated":true}]}}